{"id":91,"date":"2019-04-07T10:58:54","date_gmt":"2019-04-07T10:58:54","guid":{"rendered":"http:\/\/www.djpees.sk\/?page_id=91"},"modified":"2024-10-11T21:54:42","modified_gmt":"2024-10-11T21:54:42","slug":"zasady-ochrany-osobnych-udajov","status":"publish","type":"page","link":"https:\/\/www.djpees.sk\/index.php\/zasady-ochrany-osobnych-udajov\/","title":{"rendered":"Z\u00e1sady ochrany osobn\u00fdch \u00fadajov"},"content":{"rendered":"\n<p class=\"has-grey-background-color has-text-color has-background\" style=\"color:#ffffff;font-size:46px\">Kto sme<\/p>\n\n\n\n<p class=\"has-grey-background-color has-text-color has-background\" style=\"color:#ffffff;font-size:24px\"><em>Poskytovatelia slu\u017eieb v hudobnej a hudobno-vzdel\u00e1vacej oblasti. Adresa na\u0161ej webovej str\u00e1nky je:<\/em> <a href=\"http:\/\/www.djpees.sk\">http:\/\/www.djpees.sk<\/a><\/p>\n\n\n\n<p class=\"has-grey-background-color has-text-color has-background\" style=\"color:#ffffff;font-size:40px\">Ak\u00e9 osobn\u00e9 \u00fadaje z\u00edskavame a pre\u010do ich zbierame<\/p>\n\n\n\n<p class=\"has-grey-background-color has-text-color has-background\" style=\"color:#ffffff;font-size:32px\">Koment\u00e1re<\/p>\n\n\n\n<p class=\"has-grey-background-color has-text-color has-background\" style=\"color:#ffffff;font-size:24px\"><em>Ke\u010f n\u00e1v\u0161tevn\u00edci webu zanechavaj\u00fa na str\u00e1nke koment\u00e1re, zbierame \u00fadaje, ktor\u00e9 s\u00fa zobrazen\u00e9 vo formul\u00e1ri koment\u00e1ra a taktie\u017e IP adresu pou\u017e\u00edvate\u013eov a user-agent prehliada\u010da z d\u00f4vodu ochrany proti spamu.<\/em><\/p>\n\n\n\n<p class=\"has-grey-background-color has-text-color has-background\" style=\"color:#ffffff;font-size:24px\"><em>Anonymizovan\u00fd re\u0165azec vytvoren\u00fd z va\u0161ej e-mailovej adresy (naz\u00fdvan\u00fd aj hash) m\u00f4\u017ee by\u0165 poskytnut\u00fd slu\u017ebe Gravatar pre overenie, \u010di ju pou\u017e\u00edvate. Z\u00e1sady ochrany osobn\u00fdch \u00fadajov slu\u017eby Gravatar n\u00e1jdete na: <a aria-label=\"https:\/\/automattic.com\/privacy\/. (otvor\u00ed sa v novej karte)\" href=\"https:\/\/automattic.com\/privacy\/.\" target=\"_blank\" rel=\"noreferrer noopener\">https:\/\/automattic.com\/privacy\/.<\/a> Po schv\u00e1len\u00ed v\u00e1\u0161ho koment\u00e1ra bude va\u0161a profilov\u00e1 fotografia verejne zobrazen\u00e1 spolu s obsahom v\u00e1\u0161ho koment\u00e1ra.<\/em><\/p>\n\n\n\n<p class=\"has-grey-background-color has-text-color has-background\" style=\"color:#ffffff;font-size:32px\">Multim\u00e9di\u00e1<\/p>\n\n\n\n<p class=\"has-grey-background-color has-text-color has-background\" style=\"color:#ffffff;font-size:24px\"><em>Pri nahr\u00e1van\u00ed obr\u00e1zkov na webov\u00fa str\u00e1nku by ste sa mali vyhn\u00fa\u0165 nahr\u00e1vaniu obr\u00e1zkov s EXIF GPS \u00fadajmi o polohe. N\u00e1v\u0161tevn\u00edci webu m\u00f4\u017eu stiahnu\u0165 a zobrazi\u0165 ak\u00e9ko\u013evek \u00fadaje o polohe z obr\u00e1zkov.<\/em><\/p>\n\n\n\n<p class=\"has-grey-background-color has-text-color has-background\" style=\"color:#ffffff;font-size:32px\">Kontaktn\u00e9 formul\u00e1re<\/p>\n\n\n\n<p class=\"has-grey-background-color has-text-color has-background\" style=\"color:#ffffff;font-size:24px\"><em>V kontaktn\u00fdch formul\u00e1roch na na\u0161ich str\u00e1nkach n\u00e1s m\u00f4\u017eete po\u017eiada\u0165 o viac inform\u00e1ci\u00ed o produktoch a slu\u017eb\u00e1ch, ktor\u00e9 pon\u00fakame. Aby sme V\u00e1m mohli \u017eiadan\u00fa slu\u017ebu alebo inform\u00e1ciu poskytn\u00fa\u0165, potrebujeme spracova\u0165 tieto kontaktn\u00e9 osobn\u00e9 \u00fadaje:  meno a e-mailov\u00e1 adresa.<\/em><\/p>\n\n\n\n<p class=\"has-grey-background-color has-text-color has-background\" style=\"color:#ffffff;font-size:24px\"><em>Nespracov\u00e1vame osobn\u00e9 \u00fadaje ani neposkytujeme na\u0161e slu\u017eby osob\u00e1m mlad\u0161\u00edm ako 16 rokov. V pr\u00edpade, \u017ee ste mlad\u0161\u00ed, budete na realiz\u00e1ciu na\u0161ich slu\u017eieb alebo ak\u00fdchko\u013evek in\u00fdch pr\u00e1vnych \u00fakonov potrebova\u0165 s\u00fahlas rodi\u010da alebo pr\u00e1vneho z\u00e1stupcu. <\/em><\/p>\n\n\n\n<p class=\"has-grey-background-color has-text-color has-background\" style=\"color:#ffffff;font-size:32px\">S\u00fabory cookies<\/p>\n\n\n\n<p class=\"has-grey-background-color has-text-color has-background\" style=\"color:#ffffff;font-size:24px\"><em>Ak prid\u00e1te koment\u00e1r na na\u0161ej str\u00e1nke, m\u00f4\u017eete s\u00fahlasi\u0165 s ulo\u017een\u00edm v\u00e1\u0161ho mena, e-mailovej adresy a webovej str\u00e1nky do s\u00faborov cookies. Je to pre va\u0161e pohodlie, aby ste nemuseli op\u00e4tovne vyp\u013a\u0148a\u0165 va\u0161e \u00fadaje znovu pri prid\u00e1van\u00ed \u010fal\u0161ieho koment\u00e1ra. Tieto s\u00fabory cookies s\u00fa platn\u00e9 jeden rok.<\/em><\/p>\n\n\n\n<p class=\"has-grey-background-color has-text-color has-background\" style=\"color:#ffffff;font-size:24px\"><em>Ak m\u00e1te na na\u0161ej webovej str\u00e1nke \u00fa\u010det a prihl\u00e1site sa, ulo\u017e\u00edme do\u010dasn\u00e9 s\u00fabory cookies na ur\u010denie toho, \u010di v\u00e1\u0161 prehliada\u010d akceptuje s\u00fabory cookies. Tieto s\u00fabory cookies neobsahuj\u00fa \u017eiadne osobn\u00e9 \u00fadaje a s\u00fa zru\u0161en\u00e9 pri zatvoren\u00ed prehliada\u010da.<\/em><\/p>\n\n\n\n<p class=\"has-grey-background-color has-text-color has-background\" style=\"color:#ffffff;font-size:24px\"><em>Pri prihl\u00e1sen\u00ed nastav\u00edme nieko\u013eko s\u00faborov cookies, aby sme ulo\u017eili va\u0161e prihlasovacie \u00fadaje a nastavenia zobrazenia. Prihlasovacie cookies s\u00fa platn\u00e9 dva dni a nastavenia zobrazenia jeden rok. Ak zvol\u00edte mo\u017enos\u0165 &#8222;zapam\u00e4ta\u0165&#8220;, va\u0161e prihl\u00e1senie bude platn\u00e9 dva t\u00fd\u017edne. Pri odhl\u00e1sen\u00ed sa z v\u00e1\u0161ho \u00fa\u010dtu s\u00fa s\u00fabory cookies odstr\u00e1nen\u00e9.<\/em><\/p>\n\n\n\n<p class=\"has-grey-background-color has-text-color has-background\" style=\"color:#ffffff;font-size:24px\"><em>Pri \u00faprave alebo publikovan\u00ed \u010dl\u00e1nku bud\u00fa vo va\u0161om prehliada\u010di ulo\u017een\u00e9 dodato\u010dn\u00e9 s\u00fabory cookies. Tieto s\u00fabory cookies neobsahuj\u00fa \u017eiadne osobn\u00e9 \u00fadaje a odkazuj\u00fa iba na ID \u010dl\u00e1nku, ktor\u00fd ste upravovali. S\u00fabory s\u00fa platn\u00e9 1 de\u0148.<\/em><\/p>\n\n\n\n<p class=\"has-grey-background-color has-text-color has-background\" style=\"color:#ffffff;font-size:40px\">Vlo\u017een\u00fd obsah z in\u00fdch webov\u00fdch str\u00e1nok<\/p>\n\n\n\n<p class=\"has-grey-background-color has-text-color has-background\" style=\"color:#ffffff;font-size:24px\"><em>\u010cl\u00e1nky na tejto webovej str\u00e1nke m\u00f4\u017eu obsahova\u0165 vlo\u017een\u00fd obsah (napr. vide\u00e1, obr\u00e1zky, \u010dl\u00e1nky a podobne). Vlo\u017een\u00fd obsah z in\u00fdch str\u00e1nok sa chov\u00e1 rovnako, akoby n\u00e1v\u0161tevn\u00edk nav\u0161t\u00edvil in\u00fa webov\u00fa str\u00e1nku. <\/em><\/p>\n\n\n\n<p class=\"has-grey-background-color has-text-color has-background\" style=\"color:#ffffff;font-size:24px\"><em>Tieto webov\u00e9 str\u00e1nky m\u00f4\u017eu o v\u00e1s zbiera\u0165 osobn\u00e9 \u00fadaje, pou\u017e\u00edva\u0165 s\u00fabory cookies, vklada\u0165 tre\u0165o-strann\u00e9 sledovanie a monitorova\u0165 va\u0161u interakciu s vlo\u017een\u00fdm obsahom, vr\u00e1tane sledovania va\u0161ej interakcie s vlo\u017een\u00fdm obsahom, ak na danej webovej str\u00e1nke m\u00e1te \u00fa\u010det a ste prihl\u00e1sen\u00fd.<\/em><\/p>\n\n\n\n<p class=\"has-grey-background-color has-text-color has-background\" style=\"color:#ffffff;font-size:32px\">Ako dlho uchov\u00e1vame va\u0161e \u00fadaje<\/p>\n\n\n\n<p class=\"has-grey-background-color has-text-color has-background\" style=\"color:#ffffff;font-size:24px\"><em>Pri prid\u00e1van\u00ed koment\u00e1ra, koment\u00e1r a jeho meta\u00fadaje s\u00fa uchov\u00e1van\u00e9 oddelene. V\u010faka tomu vieme automaticky rozpozna\u0165 a schv\u00e1li\u0165 ak\u00e9ko\u013evek s\u00favisiace koment\u00e1re bez toho, aby museli by\u0165 podr\u017ean\u00e9 na moder\u00e1ciu.<\/em><\/p>\n\n\n\n<p class=\"has-grey-background-color has-text-color has-background\" style=\"color:#ffffff;font-size:24px\"><em>Pre pou\u017e\u00edvate\u013eov, ktor\u00ed sa zaregistruj\u00fa na na\u0161ich webov\u00fdch str\u00e1nkach (ak tak\u00ed existuj\u00fa), uklad\u00e1me aj osobn\u00e9 \u00fadaje, ktor\u00e9 poskytuj\u00fa, do ich u\u017e\u00edvate\u013esk\u00e9ho profilu. V\u0161etci pou\u017e\u00edvatelia m\u00f4\u017eu kedyko\u013evek zobrazi\u0165, upravi\u0165 alebo odstr\u00e1ni\u0165 svoje osobn\u00e9 \u00fadaje (okrem zmeny pou\u017e\u00edvate\u013esk\u00e9ho mena). Spr\u00e1vcovia webov\u00fdch str\u00e1nok tie\u017e m\u00f4\u017eu zobrazi\u0165 a upravi\u0165 tieto inform\u00e1cie.<\/em><\/p>\n\n\n\n<p class=\"has-grey-background-color has-text-color has-background\" style=\"color:#ffffff;font-size:32px\">Ak\u00e9 pr\u00e1va m\u00e1te nad svojimi \u00fadajmi<\/p>\n\n\n\n<p class=\"has-grey-background-color has-text-color has-background\" style=\"color:#ffffff;font-size:24px\"><em>Ak na tejto webovej str\u00e1nke m\u00e1te \u00fa\u010det, alebo ste tu pridali koment\u00e1r, m\u00f4\u017eete po\u017eiada\u0165 o export va\u0161ich osobn\u00fdch \u00fadajov, ktor\u00e9 o v\u00e1s uklad\u00e1me, vr\u00e1tane \u00fadajov, ktor\u00e9 ste n\u00e1m poskytli. M\u00f4\u017eete tak isto po\u017eiada\u0165 o vymazanie osobn\u00fdch \u00fadajov. To sa ale net\u00fdka \u00fadajov, ktor\u00e9 o v\u00e1s mus\u00edme uchov\u00e1va\u0165 z administrat\u00edvnych, pr\u00e1vnych alebo bezpe\u010dnostn\u00fdch d\u00f4vodov. <\/em><\/p>\n\n\n\n<p class=\"has-grey-background-color has-text-color has-background\" style=\"color:#ffffff;font-size:40px\">Kam posielame va\u0161e \u00fadaje<\/p>\n\n\n\n<p class=\"has-grey-background-color has-text-color has-background\" style=\"color:#ffffff;font-size:24px\"><em>Koment\u00e1re n\u00e1v\u0161tevn\u00edkov m\u00f4\u017eu by\u0165 kontrolovan\u00e9 prostredn\u00edctvom automatizovanej slu\u017eby na detekciu spamu.<\/em><\/p>\n\n\n\n<p class=\"has-grey-background-color has-text-color has-background\" style=\"color:#ffffff;font-size:40px\">Ako chr\u00e1nime va\u0161e \u00fadaje<\/p>\n\n\n\n<p class=\"has-grey-background-color has-text-color has-background\" style=\"color:#ffffff;font-size:24px\"><em>V s\u00falade s platn\u00fdmi legislat\u00edvnymi po\u017eiadavkami vykon\u00e1vame v\u0161etky potrebn\u00e9 bezpe\u010dnostn\u00e9, technick\u00e9 a organiza\u010dn\u00e9 opatrenia, aby sme va\u0161e osobn\u00e9 \u00fadaje chr\u00e1nili. Elektronick\u00e9 \u00fadaje s\u00fa uchov\u00e1van\u00e9 v chr\u00e1nenej datab\u00e1ze na serveri, ktor\u00fd je n\u00e1\u0161 alebo je pre n\u00e1s vyhraden\u00fd. Datab\u00e1zu obsahuj\u00facu osobn\u00e9 \u00fadaje chr\u00e1nime pred jej po\u0161koden\u00edm, zni\u010den\u00edm, stratou a zneu\u017eit\u00edm. Pokia\u013e si prajete viac inform\u00e1ci\u00ed o zabezpe\u010den\u00ed va\u0161ich osobn\u00fdch \u00fadajov, pros\u00edm kontaktujte n\u00e1s na emailovej adrese <\/em><a href=\"mailto:anima.umeleckaskola@gmail.com\" data-type=\"mailto\" data-id=\"mailto:anima.umeleckaskola@gmail.com\">anima.umeleckaskola@gmail.com.<\/a><\/p>\n","protected":false},"excerpt":{"rendered":"<p>Kto sme Poskytovatelia slu\u017eieb v hudobnej a hudobno-vzdel\u00e1vacej oblasti. Adresa na\u0161ej webovej str\u00e1nky je: http:\/\/www.djpees.sk Ak\u00e9 osobn\u00e9 \u00fadaje z\u00edskavame a pre\u010do ich zbierame Koment\u00e1re Ke\u010f&hellip;<\/p>\n","protected":false},"author":1,"featured_media":0,"parent":0,"menu_order":8,"comment_status":"closed","ping_status":"closed","template":"","meta":{"jetpack_post_was_ever_published":false,"footnotes":""},"class_list":["post-91","page","type-page","status-publish","hentry"],"jetpack_sharing_enabled":true,"jetpack_shortlink":"https:\/\/wp.me\/PaSmNX-1t","_links":{"self":[{"href":"https:\/\/www.djpees.sk\/index.php\/wp-json\/wp\/v2\/pages\/91","targetHints":{"allow":["GET"]}}],"collection":[{"href":"https:\/\/www.djpees.sk\/index.php\/wp-json\/wp\/v2\/pages"}],"about":[{"href":"https:\/\/www.djpees.sk\/index.php\/wp-json\/wp\/v2\/types\/page"}],"author":[{"embeddable":true,"href":"https:\/\/www.djpees.sk\/index.php\/wp-json\/wp\/v2\/users\/1"}],"replies":[{"embeddable":true,"href":"https:\/\/www.djpees.sk\/index.php\/wp-json\/wp\/v2\/comments?post=91"}],"version-history":[{"count":22,"href":"https:\/\/www.djpees.sk\/index.php\/wp-json\/wp\/v2\/pages\/91\/revisions"}],"predecessor-version":[{"id":476,"href":"https:\/\/www.djpees.sk\/index.php\/wp-json\/wp\/v2\/pages\/91\/revisions\/476"}],"wp:attachment":[{"href":"https:\/\/www.djpees.sk\/index.php\/wp-json\/wp\/v2\/media?parent=91"}],"curies":[{"name":"wp","href":"https:\/\/api.w.org\/{rel}","templated":true}]}}