{"id":331,"date":"2024-10-08T22:56:49","date_gmt":"2024-10-08T22:56:49","guid":{"rendered":"https:\/\/www.djpees.sk\/?page_id=331"},"modified":"2024-10-21T01:00:30","modified_gmt":"2024-10-21T01:00:30","slug":"anima-sukromna-umelecka-skola-o-nas","status":"publish","type":"page","link":"https:\/\/www.djpees.sk\/index.php\/anima-sukromna-umelecka-skola-o-nas\/","title":{"rendered":"O N\u00c1S"},"content":{"rendered":"\n<p class=\"has-text-align-right has-huge-font-size\"><strong><em>\u201eZlep\u0161ujeme hudbou svet\u201c<\/em><\/strong><\/p>\n\n\n\n<p class=\"has-text-align-right has-black-color has-text-color has-background has-link-color wp-elements-6e334cad9bd330b10e74a9e05bd8e9bb\" style=\"background:radial-gradient(rgb(238,238,238) 18%,rgb(110,140,164) 100%);font-size:24px\"><strong><em>T\u00fdmto princ\u00edpom sa riadime a zameriavame sa predov\u0161etk\u00fdm na deti, ale aj na dospel\u00fdch uch\u00e1dza\u010dov na\u0161ej \u0161koly, pri\u010dom vyu\u017e\u00edvame kreat\u00edvno-umeleck\u00e9 pr\u00edstupy s cie\u013eom obohati\u0165 ich \u017eivoty o nov\u00fd poh\u013ead na svet prostredn\u00edctvom hudby a umenia. V s\u00fa\u010dasnej digit\u00e1lnej \u00e9re je hudba bezpochyby \u013eahko dostupn\u00e1 a jednotlivca sprev\u00e1dza a ovplyv\u0148uje na ka\u017edom kroku; av\u0161ak s odstupom \u010dasu sa nau\u010dili vn\u00edma\u0165 hudbu iba ako s\u00fa\u010das\u0165 ka\u017edodennej rutiny na ceste do zamestnania \u010di do obchodu. Naopak, niektor\u00e9 deti maj\u00fa tendenciu ch\u00e1pa\u0165 hudbu iba ako m\u00e9dium prostredn\u00edctvom r\u00f4znych hier na smartf\u00f3noch a po\u010d\u00edta\u010doch, \u010d\u00edm sa postupne vytr\u00e1ca spomienka na v\u0161etk\u00fdch t\u00fdch legend\u00e1rnych hudobn\u00edkov a spev\u00e1kov, ktor\u00ed museli prezentova\u0165 svoju hudbu, ktor\u00fa dnes mo\u017eno po\u010dujete na platform\u00e1ch ako YouTube, Spotify \u010di SoundCloud, pred stovkami a\u017e tis\u00edckami div\u00e1kov na koncertoch po celom svete.<\/em><\/strong><\/p>\n\n\n\n<p class=\"has-text-align-right has-black-color has-text-color has-background has-link-color wp-elements-f01cc4d50107018ab09d05638c75e3ec\" style=\"background:radial-gradient(rgb(238,238,238) 18%,rgb(110,140,164) 100%);font-size:24px\"><strong><em>O to viac je dnes pre n\u00e1s u\u010dite\u013eov posolstvom vies\u0165 mlad\u00fa gener\u00e1ciu det\u00ed, ale aj ich rodi\u010dov k hudbe tak, aby si k nej vybudovali vz\u0165ah a t\u00fdm aj k hudobn\u00e9mu n\u00e1stroju na ktor\u00fd mo\u017eno doma cvi\u010dia, alebo by sa chceli na \u0148om nau\u010di\u0165 hra\u0165.<\/em><\/strong><\/p>\n","protected":false},"excerpt":{"rendered":"<p>\u201eZlep\u0161ujeme hudbou svet\u201c T\u00fdmto princ\u00edpom sa riadime a zameriavame sa predov\u0161etk\u00fdm na deti, ale aj na dospel\u00fdch uch\u00e1dza\u010dov na\u0161ej \u0161koly, pri\u010dom vyu\u017e\u00edvame kreat\u00edvno-umeleck\u00e9 pr\u00edstupy s&hellip;<\/p>\n","protected":false},"author":1,"featured_media":365,"parent":0,"menu_order":3,"comment_status":"closed","ping_status":"closed","template":"","meta":{"jetpack_post_was_ever_published":false,"footnotes":""},"class_list":["post-331","page","type-page","status-publish","has-post-thumbnail","hentry"],"jetpack_sharing_enabled":true,"jetpack_shortlink":"https:\/\/wp.me\/PaSmNX-5l","_links":{"self":[{"href":"https:\/\/www.djpees.sk\/index.php\/wp-json\/wp\/v2\/pages\/331","targetHints":{"allow":["GET"]}}],"collection":[{"href":"https:\/\/www.djpees.sk\/index.php\/wp-json\/wp\/v2\/pages"}],"about":[{"href":"https:\/\/www.djpees.sk\/index.php\/wp-json\/wp\/v2\/types\/page"}],"author":[{"embeddable":true,"href":"https:\/\/www.djpees.sk\/index.php\/wp-json\/wp\/v2\/users\/1"}],"replies":[{"embeddable":true,"href":"https:\/\/www.djpees.sk\/index.php\/wp-json\/wp\/v2\/comments?post=331"}],"version-history":[{"count":37,"href":"https:\/\/www.djpees.sk\/index.php\/wp-json\/wp\/v2\/pages\/331\/revisions"}],"predecessor-version":[{"id":465,"href":"https:\/\/www.djpees.sk\/index.php\/wp-json\/wp\/v2\/pages\/331\/revisions\/465"}],"wp:featuredmedia":[{"embeddable":true,"href":"https:\/\/www.djpees.sk\/index.php\/wp-json\/wp\/v2\/media\/365"}],"wp:attachment":[{"href":"https:\/\/www.djpees.sk\/index.php\/wp-json\/wp\/v2\/media?parent=331"}],"curies":[{"name":"wp","href":"https:\/\/api.w.org\/{rel}","templated":true}]}}