{"id":120,"date":"2019-04-06T23:02:57","date_gmt":"2019-04-06T23:02:57","guid":{"rendered":"http:\/\/www.djpees.sk\/?page_id=120"},"modified":"2024-10-21T01:04:08","modified_gmt":"2024-10-21T01:04:08","slug":"kontakt","status":"publish","type":"page","link":"https:\/\/www.djpees.sk\/index.php\/kontakt\/","title":{"rendered":"Kontakt"},"content":{"rendered":"\n<div class=\"wp-block-group is-nowrap is-layout-flex wp-container-core-group-is-layout-ad2f72ca wp-block-group-is-layout-flex\">\n<figure class=\"wp-block-image size-full is-resized wp-duotone-unset-1\"><img data-recalc-dims=\"1\" loading=\"lazy\" decoding=\"async\" width=\"371\" height=\"207\" src=\"https:\/\/i0.wp.com\/www.djpees.sk\/wp-content\/uploads\/2024\/10\/Snimka-obrazovky-2024-09-18-001924.jpg?resize=371%2C207&#038;ssl=1\" alt=\"\" class=\"wp-image-407\" style=\"width:337px;height:auto\" srcset=\"https:\/\/i0.wp.com\/www.djpees.sk\/wp-content\/uploads\/2024\/10\/Snimka-obrazovky-2024-09-18-001924.jpg?w=371&amp;ssl=1 371w, https:\/\/i0.wp.com\/www.djpees.sk\/wp-content\/uploads\/2024\/10\/Snimka-obrazovky-2024-09-18-001924.jpg?resize=300%2C167&amp;ssl=1 300w\" sizes=\"auto, (max-width: 371px) 100vw, 371px\" \/><\/figure>\n\n\n\n<p class=\"has-black-color has-text-color has-background has-link-color wp-elements-725cd88a21844f0bd19fed162888b76d\" style=\"background:linear-gradient(340deg,rgb(238,238,238) 0%,rgb(169,184,195) 100%);font-size:22px\"><strong>ANIMA <\/strong>&#8211; <em>S\u00fakromn\u00e1 umeleck\u00e1 \u0161kola, s.r.o.<\/em><br><em>Gr\u00f6sslingov\u00e1 10<\/em><br><em>81109 Bratislava &#8211; Star\u00e9 Mesto<\/em><br><em><strong>Tel.:<\/strong><\/em> <em>0915 693 158, 0911 168 702<\/em><\/p>\n<\/div>\n\n\n\n<p class=\"has-background\" style=\"background:linear-gradient(264deg,rgb(238,238,238) 34%,rgb(169,184,195) 100%);font-size:20px\"><strong><em>email:<\/em><\/strong> <a href=\"mailto:anima.umeleckaskola@gmail.com\" target=\"_blank\" rel=\"noreferrer noopener\">anima.umeleckaskola@gmail.com<\/a><\/p>\n\n\n\n<p><\/p>\n\n\n\n<p class=\"has-black-color has-very-light-gray-to-cyan-bluish-gray-gradient-background has-text-color has-background has-link-color has-larger-font-size wp-elements-275d115e8099d4e559bb96f05f4b0130\"><em>Kontaktn\u00fd formul\u00e1r<\/em><\/p>\n\n\n\n<div class=\"wpcf7 no-js\" id=\"wpcf7-f521-o1\" lang=\"sk-SK\" dir=\"ltr\" data-wpcf7-id=\"521\">\n<div class=\"screen-reader-response\"><p role=\"status\" aria-live=\"polite\" aria-atomic=\"true\"><\/p> <ul><\/ul><\/div>\n<form action=\"\/index.php\/wp-json\/wp\/v2\/pages\/120#wpcf7-f521-o1\" method=\"post\" class=\"wpcf7-form init\" aria-label=\"Kontaktn\u00fd formul\u00e1r\" novalidate=\"novalidate\" data-status=\"init\">\n<fieldset class=\"hidden-fields-container\"><input type=\"hidden\" name=\"_wpcf7\" value=\"521\" \/><input type=\"hidden\" name=\"_wpcf7_version\" value=\"6.1.5\" \/><input type=\"hidden\" name=\"_wpcf7_locale\" value=\"sk_SK\" \/><input type=\"hidden\" name=\"_wpcf7_unit_tag\" value=\"wpcf7-f521-o1\" \/><input type=\"hidden\" name=\"_wpcf7_container_post\" value=\"0\" \/><input type=\"hidden\" name=\"_wpcf7_posted_data_hash\" value=\"\" \/><input type=\"hidden\" name=\"_wpcf7_recaptcha_response\" value=\"\" \/>\n<\/fieldset>\n<p><label> Va\u0161e meno, priezvisko (povinn\u00e9)<br \/>\n<span class=\"wpcf7-form-control-wrap\" data-name=\"your-name\"><input size=\"40\" maxlength=\"400\" class=\"wpcf7-form-control wpcf7-text wpcf7-validates-as-required\" aria-required=\"true\" aria-invalid=\"false\" placeholder=\"enter your name\" value=\"\" type=\"text\" name=\"your-name\" \/><\/span> <\/label>\n<\/p>\n<p><label> V\u00e1\u0161 email (povinn\u00e9)<br \/>\n<span class=\"wpcf7-form-control-wrap\" data-name=\"your-email\"><input size=\"40\" maxlength=\"400\" class=\"wpcf7-form-control wpcf7-email wpcf7-validates-as-required wpcf7-text wpcf7-validates-as-email\" aria-required=\"true\" aria-invalid=\"false\" placeholder=\"email adresse\" value=\"\" type=\"email\" name=\"your-email\" \/><\/span> <\/label>\n<\/p>\n<p><label> Telef\u00f3nne \u010d\u00edslo (povinn\u00e9)<br \/>\n<span class=\"wpcf7-form-control-wrap\" data-name=\"your-phone\"><input size=\"40\" maxlength=\"11\" minlength=\"10\" class=\"wpcf7-form-control wpcf7-tel wpcf7-validates-as-required wpcf7-text wpcf7-validates-as-tel\" aria-required=\"true\" aria-invalid=\"false\" placeholder=\"0905123456 or 02\/12345678\" value=\"\" type=\"tel\" name=\"your-phone\" \/><\/span> <\/label>\n<\/p>\n<p><label> Predmet<br \/>\n<span class=\"wpcf7-form-control-wrap\" data-name=\"your-subject\"><input size=\"40\" maxlength=\"400\" class=\"wpcf7-form-control wpcf7-text\" aria-invalid=\"false\" placeholder=\"subject\" value=\"\" type=\"text\" name=\"your-subject\" \/><\/span> <\/label>\n<\/p>\n<p><label> Va\u0161a spr\u00e1va<br \/>\n<span class=\"wpcf7-form-control-wrap\" data-name=\"your-message\"><textarea cols=\"40\" rows=\"10\" maxlength=\"2000\" class=\"wpcf7-form-control wpcf7-textarea\" aria-invalid=\"false\" name=\"your-message\"><\/textarea><\/span> <\/label>\n<\/p>\n<p><input class=\"wpcf7-form-control wpcf7-submit has-spinner\" type=\"submit\" value=\"Odosla\u0165\" \/>\n<\/p><p style=\"display: none !important;\" class=\"akismet-fields-container\" data-prefix=\"_wpcf7_ak_\"><label>&#916;<textarea name=\"_wpcf7_ak_hp_textarea\" cols=\"45\" rows=\"8\" maxlength=\"100\"><\/textarea><\/label><input type=\"hidden\" id=\"ak_js_1\" name=\"_wpcf7_ak_js\" value=\"67\"\/><script type=\"text\/javascript\">\n\/* <![CDATA[ *\/\ndocument.getElementById( \"ak_js_1\" ).setAttribute( \"value\", ( new Date() ).getTime() );\n\/* ]]> *\/\n<\/script>\n<\/p><div class=\"wpcf7-response-output\" aria-hidden=\"true\"><\/div>\n<\/form>\n<\/div>\n\n","protected":false},"excerpt":{"rendered":"<p>ANIMA &#8211; S\u00fakromn\u00e1 umeleck\u00e1 \u0161kola, s.r.o.Gr\u00f6sslingov\u00e1 1081109 Bratislava &#8211; Star\u00e9 MestoTel.: 0915 693 158, 0911 168 702 email: anima.umeleckaskola@gmail.com Kontaktn\u00fd formul\u00e1r<\/p>\n","protected":false},"author":1,"featured_media":599,"parent":0,"menu_order":4,"comment_status":"closed","ping_status":"closed","template":"","meta":{"jetpack_post_was_ever_published":false,"footnotes":""},"class_list":["post-120","page","type-page","status-publish","has-post-thumbnail","hentry"],"jetpack_sharing_enabled":true,"jetpack_shortlink":"https:\/\/wp.me\/PaSmNX-1W","_links":{"self":[{"href":"https:\/\/www.djpees.sk\/index.php\/wp-json\/wp\/v2\/pages\/120","targetHints":{"allow":["GET"]}}],"collection":[{"href":"https:\/\/www.djpees.sk\/index.php\/wp-json\/wp\/v2\/pages"}],"about":[{"href":"https:\/\/www.djpees.sk\/index.php\/wp-json\/wp\/v2\/types\/page"}],"author":[{"embeddable":true,"href":"https:\/\/www.djpees.sk\/index.php\/wp-json\/wp\/v2\/users\/1"}],"replies":[{"embeddable":true,"href":"https:\/\/www.djpees.sk\/index.php\/wp-json\/wp\/v2\/comments?post=120"}],"version-history":[{"count":90,"href":"https:\/\/www.djpees.sk\/index.php\/wp-json\/wp\/v2\/pages\/120\/revisions"}],"predecessor-version":[{"id":613,"href":"https:\/\/www.djpees.sk\/index.php\/wp-json\/wp\/v2\/pages\/120\/revisions\/613"}],"wp:featuredmedia":[{"embeddable":true,"href":"https:\/\/www.djpees.sk\/index.php\/wp-json\/wp\/v2\/media\/599"}],"wp:attachment":[{"href":"https:\/\/www.djpees.sk\/index.php\/wp-json\/wp\/v2\/media?parent=120"}],"curies":[{"name":"wp","href":"https:\/\/api.w.org\/{rel}","templated":true}]}}